{"id":180,"date":"2020-12-18T14:12:42","date_gmt":"2020-12-18T17:12:42","guid":{"rendered":"http:\/\/www.imasto.com.br\/?page_id=180"},"modified":"2022-08-02T10:34:56","modified_gmt":"2022-08-02T13:34:56","slug":"nossos-diferenciais","status":"publish","type":"page","link":"https:\/\/imasto.com.br\/?page_id=180","title":{"rendered":"Nossos Diferenciais"},"content":{"rendered":"<ul>\n<li>\u00c9 o primeiro Instituto de Mastologia no Brasil\u00a0reconhecido internacionalmente pelo SRC (<span style=\"font-weight: 400;\">Surgical Review Corporation<\/span><span style=\"font-weight: 400;\">),\u00a0<\/span>acreditado como centro de excel\u00eancia em tratamento de mamas.<\/li>\n<li>O Imasto \u00e9 o \u00fanico membro da Breast Centers Network na regi\u00e3o norte e nordeste do Brasil, sendo considerado Breast Unit pela European School of Oncology (ESO). Fazem parte dessa rede, centros de refer\u00eancia internacional, dedicados exclusivamente ao diagn\u00f3stico e tratamento multidisciplinar do c\u00e2ncer de mama.<\/li>\n<li>Possu\u00edmos certificado no programa de qualidade em mamografia &#8211; PQM\/INCA e certificado de qualidade de mamografia concedido pelo Col\u00e9gio Brasileiro de Radiologia e Diagn\u00f3stico por Imagem (CBR).<\/li>\n<li>Centro avan\u00e7ado de bi\u00f3psias mam\u00e1rias &#8211; realizamos procedimentos mam\u00e1rios e axilares orientados por ultrassom ou estereotaxia digital em mesa dedicada (multicare platinum hologic).<\/li>\n<li>Possu\u00edmos sala de mamografia humanizada &#8211; esse ambiente confort\u00e1vel proporciona \u00e0s pacientes uma experi\u00eancia acolhedora e humanizada durante a realiza\u00e7\u00e3o do exame de mamografia.<\/li>\n<li>Associamos, em nossas avalia\u00e7\u00f5es, recursos da medicina nuclear, mastologia, radiologia, oncologia, cirurgia pl\u00e1stica e medicina do esporte e exerc\u00edcio-reabilita\u00e7\u00e3o alcan\u00e7ando resultados mais seguros e precisos e com menos complica\u00e7\u00f5es.<\/li>\n<li>Durante as cirurgias, utilizamos um aparelho de ultrassom port\u00e1til que permite a identifica\u00e7\u00e3o das les\u00f5es impalp\u00e1veis. Ap\u00f3s ressec\u00e7\u00e3o, repetimos o exame para confirmar a sua retirada.<\/li>\n<li>Todas as nossas pacientes com c\u00e2ncer de mama recebem acompanhamento multiprofissional com os servi\u00e7os de psicologia, nutri\u00e7\u00e3o, fisioterapia, terapia ocupacional, enfermagem e assist\u00eancia social.<\/li>\n<li>Realizamos nossas cirurgias nos mais conceituados hospitais da regi\u00e3o, todos dotados de unidades de terapia intensiva.<\/li>\n<\/ul>\n<p><strong>Pensou em Mama, Pensou Imasto!!!!!<\/strong><\/p>\n","protected":false},"excerpt":{"rendered":"<p>\u00c9 o primeiro Instituto de Mastologia no Brasil\u00a0reconhecido internacionalmente pelo SRC (Surgical Review Corporation),\u00a0acreditado como centro de excel\u00eancia em tratamento de mamas. O Imasto \u00e9 o \u00fanico membro da Breast Centers Network na regi\u00e3o norte e nordeste do Brasil, sendo considerado Breast Unit pela European School of Oncology (ESO). Fazem parte dessa rede, centros de [&hellip;]<\/p>\n","protected":false},"author":1,"featured_media":0,"parent":0,"menu_order":0,"comment_status":"closed","ping_status":"closed","template":"","meta":{"_acf_changed":false,"footnotes":""},"class_list":["post-180","page","type-page","status-publish","hentry"],"acf":[],"_links":{"self":[{"href":"https:\/\/imasto.com.br\/index.php?rest_route=\/wp\/v2\/pages\/180","targetHints":{"allow":["GET"]}}],"collection":[{"href":"https:\/\/imasto.com.br\/index.php?rest_route=\/wp\/v2\/pages"}],"about":[{"href":"https:\/\/imasto.com.br\/index.php?rest_route=\/wp\/v2\/types\/page"}],"author":[{"embeddable":true,"href":"https:\/\/imasto.com.br\/index.php?rest_route=\/wp\/v2\/users\/1"}],"replies":[{"embeddable":true,"href":"https:\/\/imasto.com.br\/index.php?rest_route=%2Fwp%2Fv2%2Fcomments&post=180"}],"version-history":[{"count":3,"href":"https:\/\/imasto.com.br\/index.php?rest_route=\/wp\/v2\/pages\/180\/revisions"}],"predecessor-version":[{"id":317,"href":"https:\/\/imasto.com.br\/index.php?rest_route=\/wp\/v2\/pages\/180\/revisions\/317"}],"wp:attachment":[{"href":"https:\/\/imasto.com.br\/index.php?rest_route=%2Fwp%2Fv2%2Fmedia&parent=180"}],"curies":[{"name":"wp","href":"https:\/\/api.w.org\/{rel}","templated":true}]}}