{"id":15,"date":"2020-10-14T22:11:30","date_gmt":"2020-10-15T01:11:30","guid":{"rendered":"http:\/\/localhost\/imasto\/?page_id=15"},"modified":"2022-06-28T13:49:53","modified_gmt":"2022-06-28T16:49:53","slug":"sobre-o-imasto","status":"publish","type":"page","link":"https:\/\/imasto.com.br\/?page_id=15","title":{"rendered":"Sobre o Imasto"},"content":{"rendered":"<p><strong>Imasto, um centro altamente resolutivo.<\/strong><\/p>\n<p>O Imasto \u00e9 o maior centro de mastologia do interior da Bahia, estando entre os 05 maiores das regi\u00f5es norte e nordeste do pais. Somos pioneiros em termos de avan\u00e7os tecnol\u00f3gicos, recursos de imagens e excel\u00eancia profissional, estando na vanguarda da mastologia brasileira.\u00a0<em><strong>Somos um instituto altamente resolutivo, onde a paciente resolve tudo em um s\u00f3 lugar<\/strong><\/em>.<\/p>\n<p>No imasto as pacientes encontrar\u00e3o um ambiente confort\u00e1vel, moderno e acolhedor recebendo um atendimento diferenciado, humano e afetuoso.<\/p>\n<p>Nossa equipe possui longa experi\u00eancia nas respectivas \u00e1reas de atua\u00e7\u00e3o e com forma\u00e7\u00e3o nos mais conceituados hospitais do pa\u00eds.<\/p>\n<p>Estamos presentes nas principais cidades do sudoeste da Bahia.<\/p>\n<p>Pensou em mama, pensou Imasto!<\/p>\n<p>MISS\u00c3O &#8211;\u00a0Acolher, diagnosticar e tratar pacientes em mastologia, oferecendo sempre um servi\u00e7o de excel\u00eancia.<\/p>\n<p>VIS\u00c3O &#8211; Ser a refer\u00eancia em mastologia, onde quer que for, para se tornar o maior instituto de mastologia do norte-nordeste.<\/p>\n<p>VALORES &#8211;\u00a0 \u00c9tica e honestidade; Transpar\u00eancia; Aperfei\u00e7oamento; Resolutividade; Acolhimento e Empatia;\u00a0 Confian\u00e7a; Seguran\u00e7a do paciente; Comprometimento.<\/p>\n","protected":false},"excerpt":{"rendered":"<p>Imasto, um centro altamente resolutivo. O Imasto \u00e9 o maior centro de mastologia do interior da Bahia, estando entre os 05 maiores das regi\u00f5es norte e nordeste do pais. Somos pioneiros em termos de avan\u00e7os tecnol\u00f3gicos, recursos de imagens e excel\u00eancia profissional, estando na vanguarda da mastologia brasileira.\u00a0Somos um instituto altamente resolutivo, onde a paciente [&hellip;]<\/p>\n","protected":false},"author":1,"featured_media":107,"parent":0,"menu_order":0,"comment_status":"closed","ping_status":"closed","template":"","meta":{"_acf_changed":false,"footnotes":""},"class_list":["post-15","page","type-page","status-publish","has-post-thumbnail","hentry"],"acf":[],"_links":{"self":[{"href":"https:\/\/imasto.com.br\/index.php?rest_route=\/wp\/v2\/pages\/15","targetHints":{"allow":["GET"]}}],"collection":[{"href":"https:\/\/imasto.com.br\/index.php?rest_route=\/wp\/v2\/pages"}],"about":[{"href":"https:\/\/imasto.com.br\/index.php?rest_route=\/wp\/v2\/types\/page"}],"author":[{"embeddable":true,"href":"https:\/\/imasto.com.br\/index.php?rest_route=\/wp\/v2\/users\/1"}],"replies":[{"embeddable":true,"href":"https:\/\/imasto.com.br\/index.php?rest_route=%2Fwp%2Fv2%2Fcomments&post=15"}],"version-history":[{"count":12,"href":"https:\/\/imasto.com.br\/index.php?rest_route=\/wp\/v2\/pages\/15\/revisions"}],"predecessor-version":[{"id":303,"href":"https:\/\/imasto.com.br\/index.php?rest_route=\/wp\/v2\/pages\/15\/revisions\/303"}],"wp:featuredmedia":[{"embeddable":true,"href":"https:\/\/imasto.com.br\/index.php?rest_route=\/wp\/v2\/media\/107"}],"wp:attachment":[{"href":"https:\/\/imasto.com.br\/index.php?rest_route=%2Fwp%2Fv2%2Fmedia&parent=15"}],"curies":[{"name":"wp","href":"https:\/\/api.w.org\/{rel}","templated":true}]}}